{"id":2,"date":"2021-06-30T16:57:33","date_gmt":"2021-06-30T16:57:33","guid":{"rendered":"https:\/\/ac-treuhandfinanzen.ch\/?page_id=2"},"modified":"2024-06-24T12:37:52","modified_gmt":"2024-06-24T12:37:52","slug":"start","status":"publish","type":"page","link":"https:\/\/ac-treuhandfinanzen.ch\/","title":{"rendered":"Herzlich Willkommen"},"content":{"rendered":"\n<p>Erfolg ist nicht etwas, das einfach passiert. <\/p>\n","protected":false},"excerpt":{"rendered":"<p>Erfolg ist nicht etwas, das einfach passiert.<\/p>\n","protected":false},"author":1,"featured_media":0,"parent":0,"menu_order":0,"comment_status":"closed","ping_status":"open","template":"","meta":{"footnotes":""},"class_list":["post-2","page","type-page","status-publish","hentry"],"yoast_head":"<!-- This site is optimized with the Yoast SEO plugin v27.4 - https:\/\/yoast.com\/product\/yoast-seo-wordpress\/ -->\n<title>Finanzbuchhaltung Treuhand - Alexandra Camenzind - ac treuhand &amp; finanzen gmbh<\/title>\n<meta name=\"description\" content=\"Ihre professionelle Finanzbuchhalterin \/ Treuh\u00e4nderin. Externe Treuh\u00e4nderin f\u00fcr KMU&#039;s, Einzelfirmen und Selbst\u00e4ndige. Langj\u00e4hrige Erfahrung.\" \/>\n<meta name=\"robots\" content=\"index, follow, max-snippet:-1, max-image-preview:large, max-video-preview:-1\" \/>\n<link rel=\"canonical\" href=\"https:\/\/ac-treuhandfinanzen.ch\/\" \/>\n<meta property=\"og:locale\" content=\"de_DE\" \/>\n<meta property=\"og:type\" content=\"article\" \/>\n<meta property=\"og:title\" content=\"Finanzbuchhaltung Treuhand - Alexandra Camenzind - ac treuhand &amp; finanzen gmbh\" \/>\n<meta property=\"og:description\" content=\"Ihre professionelle Finanzbuchhalterin \/ Treuh\u00e4nderin. Externe Treuh\u00e4nderin f\u00fcr KMU&#039;s, Einzelfirmen und Selbst\u00e4ndige. Langj\u00e4hrige Erfahrung.\" \/>\n<meta property=\"og:url\" content=\"https:\/\/ac-treuhandfinanzen.ch\/\" \/>\n<meta property=\"og:site_name\" content=\"ac treuhand &amp; finanzen\" \/>\n<meta property=\"article:modified_time\" content=\"2024-06-24T12:37:52+00:00\" \/>\n<meta name=\"twitter:card\" content=\"summary_large_image\" \/>\n<meta name=\"twitter:label1\" content=\"Gesch\u00e4tzte Lesezeit\" \/>\n\t<meta name=\"twitter:data1\" content=\"1\u00a0Minute\" \/>\n<script type=\"application\/ld+json\" class=\"yoast-schema-graph\">{\"@context\":\"https:\\\/\\\/schema.org\",\"@graph\":[{\"@type\":\"WebPage\",\"@id\":\"https:\\\/\\\/ac-treuhandfinanzen.ch\\\/\",\"url\":\"https:\\\/\\\/ac-treuhandfinanzen.ch\\\/\",\"name\":\"Finanzbuchhaltung Treuhand - Alexandra Camenzind - ac treuhand & finanzen gmbh\",\"isPartOf\":{\"@id\":\"https:\\\/\\\/ac-treuhandfinanzen.ch\\\/#website\"},\"datePublished\":\"2021-06-30T16:57:33+00:00\",\"dateModified\":\"2024-06-24T12:37:52+00:00\",\"description\":\"Ihre professionelle Finanzbuchhalterin \\\/ Treuh\u00e4nderin. Externe Treuh\u00e4nderin f\u00fcr KMU's, Einzelfirmen und Selbst\u00e4ndige. Langj\u00e4hrige Erfahrung.\",\"breadcrumb\":{\"@id\":\"https:\\\/\\\/ac-treuhandfinanzen.ch\\\/#breadcrumb\"},\"inLanguage\":\"de-CH\",\"potentialAction\":[{\"@type\":\"ReadAction\",\"target\":[\"https:\\\/\\\/ac-treuhandfinanzen.ch\\\/\"]}]},{\"@type\":\"BreadcrumbList\",\"@id\":\"https:\\\/\\\/ac-treuhandfinanzen.ch\\\/#breadcrumb\",\"itemListElement\":[{\"@type\":\"ListItem\",\"position\":1,\"name\":\"Home\",\"item\":\"https:\\\/\\\/ac-treuhandfinanzen.ch\\\/\"},{\"@type\":\"ListItem\",\"position\":2,\"name\":\"Herzlich Willkommen\"}]},{\"@type\":\"WebSite\",\"@id\":\"https:\\\/\\\/ac-treuhandfinanzen.ch\\\/#website\",\"url\":\"https:\\\/\\\/ac-treuhandfinanzen.ch\\\/\",\"name\":\"ac treuhand &amp; finanzen\",\"description\":\"\",\"publisher\":{\"@id\":\"https:\\\/\\\/ac-treuhandfinanzen.ch\\\/#organization\"},\"potentialAction\":[{\"@type\":\"SearchAction\",\"target\":{\"@type\":\"EntryPoint\",\"urlTemplate\":\"https:\\\/\\\/ac-treuhandfinanzen.ch\\\/?s={search_term_string}\"},\"query-input\":{\"@type\":\"PropertyValueSpecification\",\"valueRequired\":true,\"valueName\":\"search_term_string\"}}],\"inLanguage\":\"de-CH\"},{\"@type\":\"Organization\",\"@id\":\"https:\\\/\\\/ac-treuhandfinanzen.ch\\\/#organization\",\"name\":\"ac treuhand & finanzen\",\"url\":\"https:\\\/\\\/ac-treuhandfinanzen.ch\\\/\",\"logo\":{\"@type\":\"ImageObject\",\"inLanguage\":\"de-CH\",\"@id\":\"https:\\\/\\\/ac-treuhandfinanzen.ch\\\/#\\\/schema\\\/logo\\\/image\\\/\",\"url\":\"https:\\\/\\\/ac-treuhandfinanzen.ch\\\/wp-content\\\/uploads\\\/2021\\\/07\\\/cropped-Logo_elegant_pos_green_rosa-1.png\",\"contentUrl\":\"https:\\\/\\\/ac-treuhandfinanzen.ch\\\/wp-content\\\/uploads\\\/2021\\\/07\\\/cropped-Logo_elegant_pos_green_rosa-1.png\",\"width\":553,\"height\":150,\"caption\":\"ac treuhand & finanzen\"},\"image\":{\"@id\":\"https:\\\/\\\/ac-treuhandfinanzen.ch\\\/#\\\/schema\\\/logo\\\/image\\\/\"}}]}<\/script>\n<!-- \/ Yoast SEO plugin. -->","yoast_head_json":{"title":"Finanzbuchhaltung Treuhand - Alexandra Camenzind - ac treuhand & finanzen gmbh","description":"Ihre professionelle Finanzbuchhalterin \/ Treuh\u00e4nderin. Externe Treuh\u00e4nderin f\u00fcr KMU's, Einzelfirmen und Selbst\u00e4ndige. Langj\u00e4hrige Erfahrung.","robots":{"index":"index","follow":"follow","max-snippet":"max-snippet:-1","max-image-preview":"max-image-preview:large","max-video-preview":"max-video-preview:-1"},"canonical":"https:\/\/ac-treuhandfinanzen.ch\/","og_locale":"de_DE","og_type":"article","og_title":"Finanzbuchhaltung Treuhand - Alexandra Camenzind - ac treuhand & finanzen gmbh","og_description":"Ihre professionelle Finanzbuchhalterin \/ Treuh\u00e4nderin. Externe Treuh\u00e4nderin f\u00fcr KMU's, Einzelfirmen und Selbst\u00e4ndige. Langj\u00e4hrige Erfahrung.","og_url":"https:\/\/ac-treuhandfinanzen.ch\/","og_site_name":"ac treuhand &amp; finanzen","article_modified_time":"2024-06-24T12:37:52+00:00","twitter_card":"summary_large_image","twitter_misc":{"Gesch\u00e4tzte Lesezeit":"1\u00a0Minute"},"schema":{"@context":"https:\/\/schema.org","@graph":[{"@type":"WebPage","@id":"https:\/\/ac-treuhandfinanzen.ch\/","url":"https:\/\/ac-treuhandfinanzen.ch\/","name":"Finanzbuchhaltung Treuhand - Alexandra Camenzind - ac treuhand & finanzen gmbh","isPartOf":{"@id":"https:\/\/ac-treuhandfinanzen.ch\/#website"},"datePublished":"2021-06-30T16:57:33+00:00","dateModified":"2024-06-24T12:37:52+00:00","description":"Ihre professionelle Finanzbuchhalterin \/ Treuh\u00e4nderin. Externe Treuh\u00e4nderin f\u00fcr KMU's, Einzelfirmen und Selbst\u00e4ndige. Langj\u00e4hrige Erfahrung.","breadcrumb":{"@id":"https:\/\/ac-treuhandfinanzen.ch\/#breadcrumb"},"inLanguage":"de-CH","potentialAction":[{"@type":"ReadAction","target":["https:\/\/ac-treuhandfinanzen.ch\/"]}]},{"@type":"BreadcrumbList","@id":"https:\/\/ac-treuhandfinanzen.ch\/#breadcrumb","itemListElement":[{"@type":"ListItem","position":1,"name":"Home","item":"https:\/\/ac-treuhandfinanzen.ch\/"},{"@type":"ListItem","position":2,"name":"Herzlich Willkommen"}]},{"@type":"WebSite","@id":"https:\/\/ac-treuhandfinanzen.ch\/#website","url":"https:\/\/ac-treuhandfinanzen.ch\/","name":"ac treuhand &amp; finanzen","description":"","publisher":{"@id":"https:\/\/ac-treuhandfinanzen.ch\/#organization"},"potentialAction":[{"@type":"SearchAction","target":{"@type":"EntryPoint","urlTemplate":"https:\/\/ac-treuhandfinanzen.ch\/?s={search_term_string}"},"query-input":{"@type":"PropertyValueSpecification","valueRequired":true,"valueName":"search_term_string"}}],"inLanguage":"de-CH"},{"@type":"Organization","@id":"https:\/\/ac-treuhandfinanzen.ch\/#organization","name":"ac treuhand & finanzen","url":"https:\/\/ac-treuhandfinanzen.ch\/","logo":{"@type":"ImageObject","inLanguage":"de-CH","@id":"https:\/\/ac-treuhandfinanzen.ch\/#\/schema\/logo\/image\/","url":"https:\/\/ac-treuhandfinanzen.ch\/wp-content\/uploads\/2021\/07\/cropped-Logo_elegant_pos_green_rosa-1.png","contentUrl":"https:\/\/ac-treuhandfinanzen.ch\/wp-content\/uploads\/2021\/07\/cropped-Logo_elegant_pos_green_rosa-1.png","width":553,"height":150,"caption":"ac treuhand & finanzen"},"image":{"@id":"https:\/\/ac-treuhandfinanzen.ch\/#\/schema\/logo\/image\/"}}]}},"_links":{"self":[{"href":"https:\/\/ac-treuhandfinanzen.ch\/index.php?rest_route=\/wp\/v2\/pages\/2","targetHints":{"allow":["GET"]}}],"collection":[{"href":"https:\/\/ac-treuhandfinanzen.ch\/index.php?rest_route=\/wp\/v2\/pages"}],"about":[{"href":"https:\/\/ac-treuhandfinanzen.ch\/index.php?rest_route=\/wp\/v2\/types\/page"}],"author":[{"embeddable":true,"href":"https:\/\/ac-treuhandfinanzen.ch\/index.php?rest_route=\/wp\/v2\/users\/1"}],"replies":[{"embeddable":true,"href":"https:\/\/ac-treuhandfinanzen.ch\/index.php?rest_route=%2Fwp%2Fv2%2Fcomments&post=2"}],"version-history":[{"count":12,"href":"https:\/\/ac-treuhandfinanzen.ch\/index.php?rest_route=\/wp\/v2\/pages\/2\/revisions"}],"predecessor-version":[{"id":120,"href":"https:\/\/ac-treuhandfinanzen.ch\/index.php?rest_route=\/wp\/v2\/pages\/2\/revisions\/120"}],"wp:attachment":[{"href":"https:\/\/ac-treuhandfinanzen.ch\/index.php?rest_route=%2Fwp%2Fv2%2Fmedia&parent=2"}],"curies":[{"name":"wp","href":"https:\/\/api.w.org\/{rel}","templated":true}]}}